{"id":259,"date":"2012-06-28T19:50:09","date_gmt":"2012-06-28T18:50:09","guid":{"rendered":"http:\/\/pjb.co.uk\/wp\/?page_id=259"},"modified":"2015-11-10T09:45:19","modified_gmt":"2015-11-10T09:45:19","slug":"presentations","status":"publish","type":"page","link":"http:\/\/pjb.co.uk\/?page_id=259","title":{"rendered":"Presentations"},"content":{"rendered":"<span class=\"\" style=\"display:block;clear:both;height: 0px;padding-top: 20px;border-top-width:0px;border-bottom-width:0px;\"><\/span>\n<h1 style=\"text-align: center;\"><span style=\"color: #59bcd9;\">Presentations<\/span><\/h1>\n<span class=\"\" style=\"display:block;clear:both;height: 0px;padding-top: 20px;border-top-width:0px;border-bottom-width:0px;\"><\/span>\n<p style=\"text-align: center;\"><span style=\"color: #eb1f10;\"><em>The links on this page go to an archived area of the website and may not always work correctly.<\/em><\/span><\/p>\n<p style=\"text-align: center;\"><span class=\"\" style=\"display:block;clear:both;height: 0px;padding-top: 20px;border-top-width:0px;border-bottom-width:0px;\"><\/span><\/p>\n<p><span style=\"font-family: Arial;\"><span style=\"font-family: Arial;\"> <span style=\"font-size: small;\">&#8220;<\/span>Creating a different type of TV Experience \u2013 opportunities for Creative Industries&#8221; (<a href=\"http:\/\/www.pjb.co.uk\/Leicester%20-%20final%20v2.pdf\">PDF version<\/a>) presentation at the \u201cThe Future of Interactive Multimedia\u201d Seminar at De Montfort University and also at the <a href=\"http:\/\/www.lcbdepot.co.uk\/\"> Leicester Creative Business Depot<\/a> Leicester, UK for the <a href=\"http:\/\/www.eastmidlandsnti.co.uk\/main\/networks\/creative%20industries\"> East Midlands NTI Knowledge Exchange for Creative Industries<\/a> 7 December 2005<\/span><\/span><\/p>\n<p><span style=\"color: #0000ff;\"><a href=\"http:\/\/www.pjb.co.uk\/digiplay.htm\"><span style=\"font-size: small;\"><span class=\"\" style=\"display:block;clear:both;height: 0px;padding-top: 20px;border-top-width:0px;border-bottom-width:0px;\"><\/span>&#8220;<\/span><span style=\"font-family: Arial;\">TV and Leisure \u2013 from mass media to mass personalisation&#8221;<\/span><\/a><span style=\"font-family: Arial;\">, &#8211; <\/span><\/span><span style=\"font-family: Arial;\">p<\/span><span style=\"font-family: Arial;\">resentation given as part of the sixth <span style=\"color: #0000ff;\"> <a href=\"http:\/\/www.digiplay.org.uk\/\"> <span style=\"color: #003399;\">digiplay<\/span><\/a> <\/span>seminar<span style=\"color: #0000ff;\"> <a href=\"http:\/\/les1.man.ac.uk\/cric\/digi\/digisems6.htm\">&#8220;<\/a><\/span><\/span><span style=\"font-family: Arial;\"><a href=\"http:\/\/les1.man.ac.uk\/cric\/digi\/digisems6.htm\">Moving Forwards in Digital Leisure Research&#8221;<\/a><\/span> <span style=\"font-family: Arial;\">at Sheffield Hallam University, UK 14 September 2005<\/span><\/p>\n<p><span style=\"font-size: small;\"><span class=\"\" style=\"display:block;clear:both;height: 0px;padding-top: 20px;border-top-width:0px;border-bottom-width:0px;\"><\/span>Pr\u00e9sentations to \u00a0Associa\u00e7\u00e3o Brasileira de Educa\u00e7\u00e3o a Dist\u00e2ncia, (ABED) Porto Alegre, Brazil \u00a01 October 2003:-<\/span><\/p>\n<p><span style=\"color: #0000ff; font-size: small;\"> <span class=\"\" style=\"display:block;clear:both;height: 0px;padding-top: 20px;border-top-width:0px;border-bottom-width:0px;\"><\/span><a href=\"http:\/\/www.pjb.co.uk\/ABED%20Plenary%20%20Porto%20Alegre%201%20Oct%2003.htm\">Reaching the Masses \u2013 developments towards new Learning opportunities through Personalised TV<\/a>&#8211; Keynote<\/span><\/p>\n<p><span style=\"color: #0000ff; font-size: small;\"> <span class=\"\" style=\"display:block;clear:both;height: 0px;padding-top: 20px;border-top-width:0px;border-bottom-width:0px;\"><\/span><a href=\"http:\/\/www.pjb.co.uk\/ABED%20Workshop%201%20Porto%20Alegre%201%20October%202003.htm\">Making e-learning Mobile \u2013 an overview of developments in m-learning &#8211; ABED &#8211; Workshop Session One<\/a><\/span><\/p>\n<p><a href=\"http:\/\/www.pjb.co.uk\/ABED%20-%20t-learning%20session%202.htm\"><span style=\"font-size: small;\"><span class=\"\" style=\"display:block;clear:both;height: 0px;padding-top: 20px;border-top-width:0px;border-bottom-width:0px;\"><\/span>From Broadcast to Personalised TV <\/span><\/a><a href=\"http:\/\/www.pjb.co.uk\/ABED%20-%20t-learning%20session%202.htm\"> <span style=\"font-size: small;\">\u2013 through emerging interactive digital TV solutions &#8211; ABED Workshop Session Two<\/span><\/a><\/p>\n<p><a href=\"http:\/\/www.pjb.co.uk\/ABED%20-%20t-learning%20session%203.htm\"><span style=\"font-size: small;\"><span class=\"\" style=\"display:block;clear:both;height: 0px;padding-top: 20px;border-top-width:0px;border-bottom-width:0px;\"><\/span>From Broadcast to Personalised TV <\/span><\/a> <a href=\"http:\/\/www.pjb.co.uk\/ABED%20-%20t-learning%20session%203.htm\"> <span style=\"font-size: small;\">\u2013 through emerging interactive digital TV solutions <\/span> <span style=\"font-size: small;\">ABED Workshop Session Three<\/span><\/a><\/p>\n<p><span style=\"font-family: Arial; font-size: small;\"><a href=\"http:\/\/www.pjb.co.uk\/itvolpjb\/index.htm\"><span class=\"\" style=\"display:block;clear:both;height: 0px;padding-top: 20px;border-top-width:0px;border-bottom-width:0px;\"><\/span>The Emerging and Potential Developments of Interactive and Personalised TV for Learning in the Home <\/a><\/span><span style=\"font-family: Arial; font-size: small;\">Presentation given at the &#8220;Interactive TV &amp; Online Learning&#8221; Conference Caf\u00e9 Royal, London 5-6 December 2000<\/span><\/p>\n<p><span style=\"font-family: Arial; font-size: small;\"><a href=\"http:\/\/www.pjb.co.uk\/Ciscopjb\/cisco2000\/index.htm\"><span class=\"\" style=\"display:block;clear:both;height: 0px;padding-top: 20px;border-top-width:0px;border-bottom-width:0px;\"><\/span>European Education Market Trends in ICT\u00a0 &#8211; <\/a>presentation given at an internal Cisco training seminar 5 October 2000 in Barcelona, Spain.<\/span><\/p>\n<p><span style=\"color: #003399; font-family: Arial; font-size: small;\"><a href=\"http:\/\/www.pjb.co.uk\/etmapjb\/index.htm\"><span class=\"\" style=\"display:block;clear:both;height: 0px;padding-top: 20px;border-top-width:0px;border-bottom-width:0px;\"><\/span>&#8220;Traditional Educational Broadcasting is dying &#8211; new opportunities for learning content providers!&#8221; <\/a><\/span><span style=\"font-family: Arial; font-size: small;\">A PowerPoint presentation given to the <a href=\"http:\/\/www-iet.open.ac.uk\/pp\/s.a.rae\/ETmA\/etma_monday_17th.htm#Peter_Bates\"> ET<em>M<\/em>A Conference<\/a> 2000 Learning, Teaching &amp; Technology 16-20 April 2000, Bournemouth, UK<\/span><\/p>\n<p><span style=\"font-family: Arial; font-size: small;\"><a href=\"http:\/\/www.pjb.co.uk\/kosicepjb\/index.htm\"><span class=\"\" style=\"display:block;clear:both;height: 0px;padding-top: 20px;border-top-width:0px;border-bottom-width:0px;\"><\/span>&#8220;<span style=\"color: #003399;\">Development of Interactive TV and Internet-based Learning Services to the Home and its impact on Traditional Campus-based Institutions&#8221; <\/span><\/a><\/span><span style=\"font-family: Arial; font-size: small;\">A PowerPoint presentation given to the INSTEP 2000, Kosice, Slovak Republic 22-24 March 2000<\/span><\/p>\n<p><span style=\"font-family: Arial; font-size: small;\"><a href=\"http:\/\/www.pjb.co.uk\/edenpjb\/index.htm\"><span class=\"\" style=\"display:block;clear:both;height: 0px;padding-top: 20px;border-top-width:0px;border-bottom-width:0px;\"><\/span>&#8220;Development of interactive TV and Internet-based learning services to the home and its impact on traditional and distance learning institutions&#8221; <\/a><\/span><span style=\"font-family: Arial; font-size: small;\">A PowerPoint presentation given to the EDEN Research Workshop, Prague, Czech Republic 16-17 March 2000<\/span><\/p>\n<p><span style=\"color: #003399; font-family: Arial; font-size: small;\"><a href=\"http:\/\/www.pjb.co.uk\/DTV\/index.htm\"><span class=\"\" style=\"display:block;clear:both;height: 0px;padding-top: 20px;border-top-width:0px;border-bottom-width:0px;\"><\/span>Digital TV to Personalised TV <\/a><\/span><span style=\"font-family: Arial; font-size: small;\">A PowerPoint presentation given to MSc in Networked Information Engineering students , Sheffield Hallam University, UK 2 February 2000<\/span><\/p>\n<p><span style=\"color: #003399; font-family: Arial; font-size: small;\"><a href=\"http:\/\/www.pjb.co.uk\/DBT-Final-Report\/index.htm\"><span class=\"\" style=\"display:block;clear:both;height: 0px;padding-top: 20px;border-top-width:0px;border-bottom-width:0px;\"><\/span>Development of Satellite and Terrestrial Digital Broadcasting Systems and Services and Implications for Education and Training <\/a><\/span><span style=\"font-family: Arial; font-size: small;\">The final PowerPoint presentation given to the European Commission, Brussels, Belgium, 20 September 1999<\/span><\/p>\n<p><span style=\"color: #003399; font-family: Arial; font-size: small;\"> <span class=\"\" style=\"display:block;clear:both;height: 0px;padding-top: 20px;border-top-width:0px;border-bottom-width:0px;\"><\/span>Multimedia in Education: The transition from Primary School to Secondary School <\/span><span style=\"font-family: Arial; font-size: small;\">Two PowerPoint presentations have been given on this study. The first one was given at the <a href=\"http:\/\/www.pjb.co.uk\/CRETE2\/sld001.htm\">Open Classroom Conference in Crete<\/a>, Greece 19 September 1997 and the second one was given to the <a href=\"http:\/\/www.pjb.co.uk\/EP\/sld001.htm\">European Parliament STOA Committee<\/a> in Brussels, Belgium on 4 December 1997.<span class=\"\" style=\"display:block;clear:both;height: 0px;padding-top: 20px;border-top-width:0px;border-bottom-width:0px;\"><\/span><\/span><\/p>\n","protected":false},"excerpt":{"rendered":"<p>Presentations The links on this page go to an archived area of the website and may not always work correctly. &#8220;Creating a different type of TV Experience \u2013 opportunities for Creative Industries&#8221; (PDF version) presentation at the \u201cThe Future of Interactive Multimedia\u201d Seminar at De Montfort University and also at the Leicester Creative Business Depot <a class=\"moretag\" href=\"http:\/\/pjb.co.uk\/?page_id=259\">Read More &#8230;<\/a><\/p>\n","protected":false},"author":1,"featured_media":0,"parent":199,"menu_order":0,"comment_status":"closed","ping_status":"closed","template":"full-width-page.php","meta":{"_exactmetrics_skip_tracking":false,"_exactmetrics_sitenote_active":false,"_exactmetrics_sitenote_note":"","_exactmetrics_sitenote_category":0,"footnotes":""},"class_list":["post-259","page","type-page","status-publish","hentry"],"yoast_head":"<!-- This site is optimized with the Yoast SEO plugin v25.4 - https:\/\/yoast.com\/wordpress\/plugins\/seo\/ -->\n<title>Presentations - pjb Associates<\/title>\n<meta name=\"robots\" content=\"index, follow, max-snippet:-1, max-image-preview:large, max-video-preview:-1\" \/>\n<link rel=\"canonical\" href=\"https:\/\/pjb.co.uk\/?page_id=259\" \/>\n<meta property=\"og:locale\" content=\"en_GB\" \/>\n<meta property=\"og:type\" content=\"article\" \/>\n<meta property=\"og:title\" content=\"Presentations - pjb Associates\" \/>\n<meta property=\"og:description\" content=\"Presentations The links on this page go to an archived area of the website and may not always work correctly. &#8220;Creating a different type of TV Experience \u2013 opportunities for Creative Industries&#8221; (PDF version) presentation at the \u201cThe Future of Interactive Multimedia\u201d Seminar at De Montfort University and also at the Leicester Creative Business Depot Read More ...\" \/>\n<meta property=\"og:url\" content=\"https:\/\/pjb.co.uk\/?page_id=259\" \/>\n<meta property=\"og:site_name\" content=\"pjb Associates\" \/>\n<meta property=\"article:modified_time\" content=\"2015-11-10T09:45:19+00:00\" \/>\n<meta name=\"twitter:card\" content=\"summary_large_image\" \/>\n<meta name=\"twitter:label1\" content=\"Estimated reading time\" \/>\n\t<meta name=\"twitter:data1\" content=\"2 minutes\" \/>\n<script type=\"application\/ld+json\" class=\"yoast-schema-graph\">{\"@context\":\"https:\/\/schema.org\",\"@graph\":[{\"@type\":\"WebPage\",\"@id\":\"https:\/\/pjb.co.uk\/?page_id=259\",\"url\":\"https:\/\/pjb.co.uk\/?page_id=259\",\"name\":\"Presentations - pjb Associates\",\"isPartOf\":{\"@id\":\"https:\/\/pjb.co.uk\/#website\"},\"datePublished\":\"2012-06-28T18:50:09+00:00\",\"dateModified\":\"2015-11-10T09:45:19+00:00\",\"breadcrumb\":{\"@id\":\"https:\/\/pjb.co.uk\/?page_id=259#breadcrumb\"},\"inLanguage\":\"en-GB\",\"potentialAction\":[{\"@type\":\"ReadAction\",\"target\":[\"https:\/\/pjb.co.uk\/?page_id=259\"]}]},{\"@type\":\"BreadcrumbList\",\"@id\":\"https:\/\/pjb.co.uk\/?page_id=259#breadcrumb\",\"itemListElement\":[{\"@type\":\"ListItem\",\"position\":1,\"name\":\"Home\",\"item\":\"https:\/\/pjb.co.uk\/\"},{\"@type\":\"ListItem\",\"position\":2,\"name\":\"Publications\",\"item\":\"http:\/\/pjb.co.uk\/?page_id=199\"},{\"@type\":\"ListItem\",\"position\":3,\"name\":\"Presentations\"}]},{\"@type\":\"WebSite\",\"@id\":\"https:\/\/pjb.co.uk\/#website\",\"url\":\"https:\/\/pjb.co.uk\/\",\"name\":\"pjb Associates\",\"description\":\"Innovative ways of doing things - learning, Energy Efficiency Solutions, New ways of Engaging with People, Re-discover using public transport\",\"publisher\":{\"@id\":\"https:\/\/pjb.co.uk\/#organization\"},\"potentialAction\":[{\"@type\":\"SearchAction\",\"target\":{\"@type\":\"EntryPoint\",\"urlTemplate\":\"https:\/\/pjb.co.uk\/?s={search_term_string}\"},\"query-input\":{\"@type\":\"PropertyValueSpecification\",\"valueRequired\":true,\"valueName\":\"search_term_string\"}}],\"inLanguage\":\"en-GB\"},{\"@type\":\"Organization\",\"@id\":\"https:\/\/pjb.co.uk\/#organization\",\"name\":\"pjb Associates\",\"url\":\"https:\/\/pjb.co.uk\/\",\"logo\":{\"@type\":\"ImageObject\",\"inLanguage\":\"en-GB\",\"@id\":\"https:\/\/pjb.co.uk\/#\/schema\/logo\/image\/\",\"url\":\"http:\/\/pjb.co.uk\/wp\/wp-content\/uploads\/2012\/06\/pjblog21.gif\",\"contentUrl\":\"http:\/\/pjb.co.uk\/wp\/wp-content\/uploads\/2012\/06\/pjblog21.gif\",\"width\":\"100\",\"height\":\"97\",\"caption\":\"pjb Associates\"},\"image\":{\"@id\":\"https:\/\/pjb.co.uk\/#\/schema\/logo\/image\/\"}}]}<\/script>\n<!-- \/ Yoast SEO plugin. -->","yoast_head_json":{"title":"Presentations - pjb Associates","robots":{"index":"index","follow":"follow","max-snippet":"max-snippet:-1","max-image-preview":"max-image-preview:large","max-video-preview":"max-video-preview:-1"},"canonical":"https:\/\/pjb.co.uk\/?page_id=259","og_locale":"en_GB","og_type":"article","og_title":"Presentations - pjb Associates","og_description":"Presentations The links on this page go to an archived area of the website and may not always work correctly. &#8220;Creating a different type of TV Experience \u2013 opportunities for Creative Industries&#8221; (PDF version) presentation at the \u201cThe Future of Interactive Multimedia\u201d Seminar at De Montfort University and also at the Leicester Creative Business Depot Read More ...","og_url":"https:\/\/pjb.co.uk\/?page_id=259","og_site_name":"pjb Associates","article_modified_time":"2015-11-10T09:45:19+00:00","twitter_card":"summary_large_image","twitter_misc":{"Estimated reading time":"2 minutes"},"schema":{"@context":"https:\/\/schema.org","@graph":[{"@type":"WebPage","@id":"https:\/\/pjb.co.uk\/?page_id=259","url":"https:\/\/pjb.co.uk\/?page_id=259","name":"Presentations - pjb Associates","isPartOf":{"@id":"https:\/\/pjb.co.uk\/#website"},"datePublished":"2012-06-28T18:50:09+00:00","dateModified":"2015-11-10T09:45:19+00:00","breadcrumb":{"@id":"https:\/\/pjb.co.uk\/?page_id=259#breadcrumb"},"inLanguage":"en-GB","potentialAction":[{"@type":"ReadAction","target":["https:\/\/pjb.co.uk\/?page_id=259"]}]},{"@type":"BreadcrumbList","@id":"https:\/\/pjb.co.uk\/?page_id=259#breadcrumb","itemListElement":[{"@type":"ListItem","position":1,"name":"Home","item":"https:\/\/pjb.co.uk\/"},{"@type":"ListItem","position":2,"name":"Publications","item":"http:\/\/pjb.co.uk\/?page_id=199"},{"@type":"ListItem","position":3,"name":"Presentations"}]},{"@type":"WebSite","@id":"https:\/\/pjb.co.uk\/#website","url":"https:\/\/pjb.co.uk\/","name":"pjb Associates","description":"Innovative ways of doing things - learning, Energy Efficiency Solutions, New ways of Engaging with People, Re-discover using public transport","publisher":{"@id":"https:\/\/pjb.co.uk\/#organization"},"potentialAction":[{"@type":"SearchAction","target":{"@type":"EntryPoint","urlTemplate":"https:\/\/pjb.co.uk\/?s={search_term_string}"},"query-input":{"@type":"PropertyValueSpecification","valueRequired":true,"valueName":"search_term_string"}}],"inLanguage":"en-GB"},{"@type":"Organization","@id":"https:\/\/pjb.co.uk\/#organization","name":"pjb Associates","url":"https:\/\/pjb.co.uk\/","logo":{"@type":"ImageObject","inLanguage":"en-GB","@id":"https:\/\/pjb.co.uk\/#\/schema\/logo\/image\/","url":"http:\/\/pjb.co.uk\/wp\/wp-content\/uploads\/2012\/06\/pjblog21.gif","contentUrl":"http:\/\/pjb.co.uk\/wp\/wp-content\/uploads\/2012\/06\/pjblog21.gif","width":"100","height":"97","caption":"pjb Associates"},"image":{"@id":"https:\/\/pjb.co.uk\/#\/schema\/logo\/image\/"}}]}},"_links":{"self":[{"href":"http:\/\/pjb.co.uk\/index.php?rest_route=\/wp\/v2\/pages\/259","targetHints":{"allow":["GET"]}}],"collection":[{"href":"http:\/\/pjb.co.uk\/index.php?rest_route=\/wp\/v2\/pages"}],"about":[{"href":"http:\/\/pjb.co.uk\/index.php?rest_route=\/wp\/v2\/types\/page"}],"author":[{"embeddable":true,"href":"http:\/\/pjb.co.uk\/index.php?rest_route=\/wp\/v2\/users\/1"}],"replies":[{"embeddable":true,"href":"http:\/\/pjb.co.uk\/index.php?rest_route=%2Fwp%2Fv2%2Fcomments&post=259"}],"version-history":[{"count":16,"href":"http:\/\/pjb.co.uk\/index.php?rest_route=\/wp\/v2\/pages\/259\/revisions"}],"predecessor-version":[{"id":1073,"href":"http:\/\/pjb.co.uk\/index.php?rest_route=\/wp\/v2\/pages\/259\/revisions\/1073"}],"up":[{"embeddable":true,"href":"http:\/\/pjb.co.uk\/index.php?rest_route=\/wp\/v2\/pages\/199"}],"wp:attachment":[{"href":"http:\/\/pjb.co.uk\/index.php?rest_route=%2Fwp%2Fv2%2Fmedia&parent=259"}],"curies":[{"name":"wp","href":"https:\/\/api.w.org\/{rel}","templated":true}]}}